{"id":21411,"date":"2023-11-23T09:40:19","date_gmt":"2023-11-23T08:40:19","guid":{"rendered":"https:\/\/en-desarrollo.eu\/casadelamemoria\/avertissement-juridique\/"},"modified":"2023-11-23T09:40:20","modified_gmt":"2023-11-23T08:40:20","slug":"avertissement-juridique","status":"publish","type":"page","link":"https:\/\/casadelamemoria.es\/fr\/avertissement-juridique\/","title":{"rendered":"Avertissement juridique"},"content":{"rendered":"\n<p>Casa de la Memoria de Al-Andalus, S.L. muni du NIF\/CIF B-41986928, adresse C\/Cuna, 6 (41004 Sevilla), ne peut assumer aucune responsabilit\u00e9 d\u00e9riv\u00e9e de l&rsquo;utilisation incorrecte, inappropri\u00e9e ou illicite des informations qui apparaissent sur le site casadelamemoria.es.<\/p>\n\n<p>Dans les limites fix\u00e9es par la loi, la loi organique 3\/2018 du 5 d\u00e9cembre sur la protection des donn\u00e9es personnelles et la garantie des droits num\u00e9riques n&rsquo;assume aucune responsabilit\u00e9 d\u00e9riv\u00e9e du manque de v\u00e9racit\u00e9, d&rsquo;int\u00e9grit\u00e9, de mise \u00e0 jour et d&rsquo;exactitude des donn\u00e9es. . ou des informations contenues sur ses pages Internet.<\/p>\n\n<p>Le contenu et les informations n\u2019engagent pas Casa de la Memoria de Al-Andalus, S.L. ils ne constituent pas non plus des opinions, des conseils ou des conseils juridiques de quelque nature que ce soit puisqu&rsquo;il s&rsquo;agit simplement d&rsquo;un service propos\u00e9 \u00e0 des fins informatives.<\/p>\n\n<p>La page Internet casadelamemoria.es peut contenir des liens vers d&rsquo;autres pages de tiers que Casa de la Memoria de Al-Andalus, S.L. ne peux pas contr\u00f4ler. C\u2019est pourquoi Casa de la Memoria de Al-Andalus, S.L. ne peut assumer la responsabilit\u00e9 du contenu pouvant appara\u00eetre sur des pages tierces.<\/p>\n\n<p>Les textes, images, sons, animations, logiciels et tout le reste du contenu inclus dans ce site Web sont la propri\u00e9t\u00e9 exclusive de Casa de la Memoria de Al-Andalus, S.L. ou ses conc\u00e9dants de licence. Tout acte de transmission totale ou partielle, distribution, transfert, reproduction, stockage ou communication publique doit avoir le consentement expr\u00e8s de Casa de la Memoria de Al-Andalus, S.L.<\/p>\n\n<p>De m\u00eame, pour acc\u00e9der \u00e0 certains des services offerts par Casa de la Memoria de Al-Andalus, S.L. propos\u00e9s via le site Web doivent fournir certaines donn\u00e9es personnelles. Conform\u00e9ment aux dispositions du r\u00e8glement (UE) 2016\/679 du Parlement europ\u00e9en et du Conseil du 27 avril 2016 relatif \u00e0 la protection des personnes physiques \u00e0 l&rsquo;\u00e9gard du traitement des donn\u00e9es \u00e0 caract\u00e8re personnel et \u00e0 la libre circulation de ces donn\u00e9es. , nous vous informons qu&rsquo;en remplissant ces formulaires, vos donn\u00e9es personnelles seront incorpor\u00e9es et trait\u00e9es dans les fichiers de Casa de la Memoria de Al-Andalus, S.L. afin de pouvoir vous fournir et vous proposer nos services ainsi que de vous informer des am\u00e9liorations apport\u00e9es au site Internet. De m\u00eame, nous vous informons de la possibilit\u00e9 d&rsquo;exercer vos droits d&rsquo;acc\u00e8s, de rectification, annulation et opposition de vos donn\u00e9es personnelles, gratuitement par courrier \u00e9lectronique \u00e0 flamencomemoria@gmail.com ou \u00e0 l&rsquo;adresse C\/Cuna, 6 (41004 Sevilla).<\/p>\n","protected":false},"excerpt":{"rendered":"<p>Casa de la Memoria de Al-Andalus, S.L. muni du NIF\/CIF B-41986928, adresse C\/Cuna, 6 (41004 Sevilla), ne peut assumer aucune responsabilit\u00e9 d\u00e9riv\u00e9e de l&rsquo;utilisation incorrecte, inappropri\u00e9e ou illicite des informations qui apparaissent sur le site casadelamemoria.es. Dans les limites fix\u00e9es par la loi, la loi organique 3\/2018 du 5 d\u00e9cembre sur la protection des donn\u00e9es &#8230; <a title=\"Avertissement juridique\" class=\"read-more\" href=\"https:\/\/casadelamemoria.es\/fr\/avertissement-juridique\/\" aria-label=\"En savoir plus sur Avertissement juridique\">Lire la suite<\/a><\/p>\n","protected":false},"author":2,"featured_media":0,"parent":0,"menu_order":0,"comment_status":"closed","ping_status":"closed","template":"","meta":{"_acf_changed":false,"om_disable_all_campaigns":false,"footnotes":""},"class_list":["post-21411","page","type-page","status-publish"],"acf":[],"aioseo_notices":[],"_links":{"self":[{"href":"https:\/\/casadelamemoria.es\/fr\/wp-json\/wp\/v2\/pages\/21411","targetHints":{"allow":["GET"]}}],"collection":[{"href":"https:\/\/casadelamemoria.es\/fr\/wp-json\/wp\/v2\/pages"}],"about":[{"href":"https:\/\/casadelamemoria.es\/fr\/wp-json\/wp\/v2\/types\/page"}],"author":[{"embeddable":true,"href":"https:\/\/casadelamemoria.es\/fr\/wp-json\/wp\/v2\/users\/2"}],"replies":[{"embeddable":true,"href":"https:\/\/casadelamemoria.es\/fr\/wp-json\/wp\/v2\/comments?post=21411"}],"version-history":[{"count":0,"href":"https:\/\/casadelamemoria.es\/fr\/wp-json\/wp\/v2\/pages\/21411\/revisions"}],"wp:attachment":[{"href":"https:\/\/casadelamemoria.es\/fr\/wp-json\/wp\/v2\/media?parent=21411"}],"curies":[{"name":"wp","href":"https:\/\/api.w.org\/{rel}","templated":true}]}}