{"id":21413,"date":"2023-11-23T09:46:08","date_gmt":"2023-11-23T08:46:08","guid":{"rendered":"https:\/\/en-desarrollo.eu\/casadelamemoria\/politique-de-cookies\/"},"modified":"2023-11-23T09:46:09","modified_gmt":"2023-11-23T08:46:09","slug":"politique-de-cookies","status":"publish","type":"page","link":"https:\/\/casadelamemoria.es\/fr\/politique-de-cookies\/","title":{"rendered":"Politique de cookies"},"content":{"rendered":"\n<p>Casa de la Memoria de Al-Andalus, S.L informe de l&rsquo;utilisation de cookies sur son site Internet : www.casadelamemoria.es<\/p>\n\n<p><strong>Que sont les cookies?<\/strong><\/p>\n\n<p>Les cookies sont des fichiers qui peuvent \u00eatre t\u00e9l\u00e9charg\u00e9s sur votre ordinateur via des pages Web. Ce sont des outils qui jouent un r\u00f4le essentiel dans la fourniture de nombreux services de la soci\u00e9t\u00e9 de l&rsquo;information. Entre autres, ils permettent \u00e0 un site Web de stocker et de r\u00e9cup\u00e9rer des informations sur les habitudes de navigation d&rsquo;un utilisateur ou de son \u00e9quipement et, en fonction des informations obtenues, ils peuvent \u00eatre utilis\u00e9s pour reconna\u00eetre l&rsquo;utilisateur et am\u00e9liorer le service offert.<\/p>\n\n<p><strong>Types de cookies<\/strong><\/p>\n\n<p>Selon l&rsquo;entit\u00e9 qui g\u00e8re le domaine \u00e0 partir duquel les cookies sont envoy\u00e9s et traite les donn\u00e9es obtenues, on peut distinguer deux types :<\/p>\n\n<p><strong>Cookies propres :<\/strong> ceux qui sont envoy\u00e9s \u00e0 l&rsquo;\u00e9quipement terminal de l&rsquo;utilisateur \u00e0 partir d&rsquo;un ordinateur ou d&rsquo;un domaine g\u00e9r\u00e9 par l&rsquo;\u00e9diteur lui-m\u00eame et \u00e0 partir duquel est fourni le service demand\u00e9 par l&rsquo;utilisateur.<\/p>\n\n<p><strong>Cookies tiers :<\/strong> ceux qui sont envoy\u00e9s \u00e0 l&rsquo;\u00e9quipement terminal de l&rsquo;utilisateur \u00e0 partir d&rsquo;un ordinateur ou d&rsquo;un domaine qui n&rsquo;est pas g\u00e9r\u00e9 par l&rsquo;\u00e9diteur, mais par une autre entit\u00e9 qui traite les donn\u00e9es obtenues gr\u00e2ce aux cookies.<\/p>\n\n<p>Dans le cas o\u00f9 les cookies sont install\u00e9s \u00e0 partir d&rsquo;un ordinateur ou d&rsquo;un domaine g\u00e9r\u00e9 par l&rsquo;\u00e9diteur lui-m\u00eame mais que les informations collect\u00e9es par leur interm\u00e9diaire sont g\u00e9r\u00e9es par un tiers, ils ne peuvent pas \u00eatre consid\u00e9r\u00e9s comme leurs propres cookies.<\/p>\n\n<p>Il existe \u00e9galement une deuxi\u00e8me classification selon la dur\u00e9e de conservation dans le navigateur du client, qui peut \u00eatre :<\/p>\n\n<p><strong>Cookies de session :<\/strong> con\u00e7us pour collecter et stocker des donn\u00e9es pendant que l&rsquo;utilisateur acc\u00e8de \u00e0 une page Web. Ils sont g\u00e9n\u00e9ralement utilis\u00e9s pour stocker des informations qu&rsquo;il est int\u00e9ressant de conserver uniquement pour la fourniture du service demand\u00e9 par l&rsquo;utilisateur \u00e0 une seule occasion (par exemple une liste de produits achet\u00e9s).<\/p>\n\n<p><strong>Cookies persistants :<\/strong> les donn\u00e9es continuent d&rsquo;\u00eatre stock\u00e9es dans le terminal et sont accessibles et trait\u00e9es pendant une dur\u00e9e d\u00e9finie par le responsable du cookie, qui peut aller de quelques minutes \u00e0 plusieurs ann\u00e9es.<\/p>\n\n<p>Enfin, il existe une autre classification avec cinq types de cookies selon la finalit\u00e9 pour laquelle les donn\u00e9es obtenues sont trait\u00e9es :<\/p>\n\n<p><strong>Cookies techniques :<\/strong> ceux qui permettent \u00e0 l&rsquo;utilisateur de naviguer sur une page Web, une plateforme ou une application et d&rsquo;utiliser les diff\u00e9rentes options ou services qui y existent, comme, par exemple, le contr\u00f4le du trafic et de la communication de donn\u00e9es, l&rsquo;identification de la session. , acc\u00e9der aux parties \u00e0 acc\u00e8s restreint, m\u00e9moriser les \u00e9l\u00e9ments qui composent une commande, effectuer le processus d&rsquo;achat d&rsquo;une commande, faire une demande d&rsquo;inscription ou de participation \u00e0 un \u00e9v\u00e8nement, utiliser des \u00e9l\u00e9ments de s\u00e9curit\u00e9 lors de la navigation, stocker du contenu pour la diffusion de vid\u00e9os ou de sons ou partager du contenu via les r\u00e9seaux sociaux.<\/p>\n\n<p><strong>Cookies de personnalisation :<\/strong> ils permettent \u00e0 l&rsquo;utilisateur d&rsquo;acc\u00e9der au service avec certaines caract\u00e9ristiques g\u00e9n\u00e9rales pr\u00e9d\u00e9finies en fonction d&rsquo;une s\u00e9rie de crit\u00e8res sur le terminal de l&rsquo;utilisateur, tels que la langue, le type de navigateur par lequel on acc\u00e8de au service, la configuration r\u00e9gionale \u00e0 partir de laquelle vous acc\u00e9dez. le service, etc<\/p>\n\n<p><strong>Cookies d&rsquo;analyse :<\/strong> ils permettent \u00e0 leur responsable de suivre et d&rsquo;analyser le comportement des utilisateurs des sites Internet auxquels ils sont li\u00e9s. Les informations collect\u00e9es via ce type de cookies sont utilis\u00e9es pour mesurer l&rsquo;activit\u00e9 des sites Internet, applications ou plateformes et pour \u00e9laborer des profils de navigation des utilisateurs de ces sites, applications et plateformes, afin d&rsquo;introduire des am\u00e9liorations bas\u00e9es sur l&rsquo;analyse des donn\u00e9es d&rsquo;utilisation effectu\u00e9es. par les utilisateurs du service.<\/p>\n\n<p><strong>Cookies publicitaires :<\/strong> ils permettent la gestion, de la mani\u00e8re la plus efficace possible, des espaces publicitaires.<\/p>\n\n<p><strong>Cookies de publicit\u00e9 comportementale :<\/strong> ils stockent des informations sur le comportement des utilisateurs obtenues gr\u00e2ce \u00e0 l&rsquo;observation continue de leurs habitudes de navigation, ce qui permet de d\u00e9velopper un profil sp\u00e9cifique pour afficher des publicit\u00e9s bas\u00e9es sur celui-ci.<\/p>\n\n<p><strong>Cookies de r\u00e9seaux sociaux externes :<\/strong> ils sont utilis\u00e9s pour que les visiteurs puissent interagir avec le contenu de diff\u00e9rentes plateformes sociales (facebook, youtube, twitter, linkedIn, etc.) et sont g\u00e9n\u00e9r\u00e9s uniquement pour les utilisateurs de ces r\u00e9seaux sociaux. Les conditions d&rsquo;utilisation de ces cookies et les informations collect\u00e9es sont r\u00e9gies par la politique de confidentialit\u00e9 de la plateforme sociale correspondante.<\/p>\n\n<p><\/p>\n\n<p><strong>D\u00e9sactivation et suppression des cookies<\/strong><\/p>\n\n<p>Vous avez la possibilit\u00e9 d&rsquo;autoriser, de bloquer ou de supprimer les cookies install\u00e9s sur votre ordinateur en configurant les options du navigateur install\u00e9 sur votre ordinateur. En d\u00e9sactivant les cookies, certains des services disponibles peuvent ne plus \u00eatre op\u00e9rationnels. La mani\u00e8re de d\u00e9sactiver les cookies est diff\u00e9rente pour chaque navigateur, mais cela peut g\u00e9n\u00e9ralement \u00eatre fait \u00e0 partir du menu Outils ou Options. Vous pouvez \u00e9galement consulter le menu Aide de votre navigateur o\u00f9 vous trouverez des instructions. L&rsquo;utilisateur peut \u00e0 tout moment choisir les cookies qu&rsquo;il souhaite utiliser sur ce site Internet.<\/p>\n\n<p>Vous pouvez autoriser, bloquer ou supprimer les cookies install\u00e9s sur votre ordinateur en configurant les options du navigateur install\u00e9 sur votre ordinateur :<\/p>\n\n<p>Microsoft Internet Explorer o Microsoft Edge<\/p>\n\n<p>Mozilla Firefox<\/p>\n\n<p>Chrome<\/p>\n\n<p>Safari<\/p>\n\n<p>Opera<\/p>\n\n<p>De plus, vous pouvez \u00e9galement g\u00e9rer le magasin de cookies dans votre navigateur via des outils tels que les suivants<\/p>\n\n<p>Cookies utilis\u00e9s sur www.casadelamemoria.es<\/p>\n\n<p>Les cookies utilis\u00e9s sur ce portail sont identifi\u00e9s ci-dessous, ainsi que leur type et leur fonction :<\/p>\n\n<p>Google Analytics:<\/p>\n\n<p>Google Analytics est un service d&rsquo;analyse Web fourni par Google, Inc., une soci\u00e9t\u00e9 du Delaware dont le si\u00e8ge social est situ\u00e9 au 1600 Amphitheatre Parkway, Mountain View (Californie), CA 94043, \u00c9tats-Unis (\u00ab Google \u00bb).<\/p>\n\n<p>Google Analytics utilise des \u00ab cookies \u00bb, qui sont des fichiers texte situ\u00e9s sur votre ordinateur, pour aider le site Web \u00e0 analyser la mani\u00e8re dont les utilisateurs utilisent le site Web.<\/p>\n\n<p>Les informations g\u00e9n\u00e9r\u00e9es par les cookies concernant votre utilisation du site Internet (y compris votre adresse IP) seront directement transmises et stock\u00e9es par Google. Google utilisera ces informations en notre nom dans le but de suivre votre utilisation du site Web, de compiler des rapports sur l&rsquo;activit\u00e9 du site Web et de fournir d&rsquo;autres services li\u00e9s \u00e0 l&rsquo;activit\u00e9 du site Web et \u00e0 l&rsquo;utilisation d&rsquo;Internet.<\/p>\n\n<p>Google peut transmettre ces informations \u00e0 des tiers lorsque la loi l&rsquo;exige ou lorsque ces tiers traitent les informations pour le compte de Google. Google n&rsquo;associera pas votre adresse IP \u00e0 aucune autre donn\u00e9e qu&rsquo;elle d\u00e9tient.<\/p>\n\n<p>En tant qu&rsquo;utilisateur et dans l&rsquo;exercice de vos droits, vous pouvez refuser le traitement de donn\u00e9es ou d&rsquo;informations en refusant l&rsquo;utilisation de cookies en s\u00e9lectionnant les param\u00e8tres appropri\u00e9s de votre navigateur. Toutefois, vous devez savoir que si vous le faites, vous ne pourrez peut-\u00eatre pas utiliser toutes les fonctionnalit\u00e9s de ce site Web.<\/p>\n\n<p>En utilisant ce site Web, conform\u00e9ment aux informations fournies dans la pr\u00e9sente politique de confidentialit\u00e9, vous acceptez le traitement des donn\u00e9es par Google de la mani\u00e8re et aux fins indiqu\u00e9es.<\/p>\n\n<p>Pour plus d&rsquo;informations, vous pouvez consulter la politique de confidentialit\u00e9 de Google<\/p>\n\n<p><strong>Acceptation de la politique de cookies<\/strong><\/p>\n\n<p>www.casadelamemoria.es suppose que vous acceptez l&rsquo;utilisation de cookies. Cependant, il affiche des informations sur sa politique en mati\u00e8re de cookies en bas ou en haut de n&rsquo;importe quelle page du portail \u00e0 chaque connexion afin que vous en soyez inform\u00e9<\/p>\n\n<p>Compte tenu de ces informations, il est possible de r\u00e9aliser les actions suivantes :<\/p>\n\n<p>Accepter les cookies. Cet avis ne s&rsquo;affichera plus lors de l&rsquo;acc\u00e8s \u00e0 une page du portail au cours de cette session.<\/p>\n\n<p>Fermer. L&rsquo;avis est masqu\u00e9 sur cette page.<\/p>\n\n<p>Modifiez vos param\u00e8tres. Vous pouvez obtenir plus d&rsquo;informations sur ce que sont les cookies, conna\u00eetre la politique de confidentialit\u00e9<\/p>\n\n<p>cookies de www.casadelamemoria.es et modifier les param\u00e8tres de votre navigateur.<\/p>\n","protected":false},"excerpt":{"rendered":"<p>Casa de la Memoria de Al-Andalus, S.L informe de l&rsquo;utilisation de cookies sur son site Internet : www.casadelamemoria.es Que sont les cookies? Les cookies sont des fichiers qui peuvent \u00eatre t\u00e9l\u00e9charg\u00e9s sur votre ordinateur via des pages Web. Ce sont des outils qui jouent un r\u00f4le essentiel dans la fourniture de nombreux services de la &#8230; <a title=\"Politique de cookies\" class=\"read-more\" href=\"https:\/\/casadelamemoria.es\/fr\/politique-de-cookies\/\" aria-label=\"En savoir plus sur Politique de cookies\">Lire la suite<\/a><\/p>\n","protected":false},"author":2,"featured_media":0,"parent":0,"menu_order":0,"comment_status":"closed","ping_status":"closed","template":"","meta":{"_acf_changed":false,"om_disable_all_campaigns":false,"footnotes":""},"class_list":["post-21413","page","type-page","status-publish"],"acf":[],"aioseo_notices":[],"_links":{"self":[{"href":"https:\/\/casadelamemoria.es\/fr\/wp-json\/wp\/v2\/pages\/21413","targetHints":{"allow":["GET"]}}],"collection":[{"href":"https:\/\/casadelamemoria.es\/fr\/wp-json\/wp\/v2\/pages"}],"about":[{"href":"https:\/\/casadelamemoria.es\/fr\/wp-json\/wp\/v2\/types\/page"}],"author":[{"embeddable":true,"href":"https:\/\/casadelamemoria.es\/fr\/wp-json\/wp\/v2\/users\/2"}],"replies":[{"embeddable":true,"href":"https:\/\/casadelamemoria.es\/fr\/wp-json\/wp\/v2\/comments?post=21413"}],"version-history":[{"count":0,"href":"https:\/\/casadelamemoria.es\/fr\/wp-json\/wp\/v2\/pages\/21413\/revisions"}],"wp:attachment":[{"href":"https:\/\/casadelamemoria.es\/fr\/wp-json\/wp\/v2\/media?parent=21413"}],"curies":[{"name":"wp","href":"https:\/\/api.w.org\/{rel}","templated":true}]}}