{"id":21417,"date":"2023-11-23T10:19:28","date_gmt":"2023-11-23T09:19:28","guid":{"rendered":"https:\/\/en-desarrollo.eu\/casadelamemoria\/calendrier\/"},"modified":"2025-09-22T11:04:20","modified_gmt":"2025-09-22T09:04:20","slug":"calendrier","status":"publish","type":"page","link":"https:\/\/casadelamemoria.es\/fr\/calendrier\/","title":{"rendered":"calendrier"},"content":{"rendered":"\t\t<div data-elementor-type=\"wp-page\" data-elementor-id=\"21417\" class=\"elementor elementor-21417 elementor-19187\" data-elementor-post-type=\"page\">\n\t\t\t\t<div class=\"elementor-element elementor-element-56f4f45 e-flex e-con-boxed e-con e-parent\" data-id=\"56f4f45\" data-element_type=\"container\" data-e-type=\"container\" data-settings=\"{&quot;background_background&quot;:&quot;gradient&quot;}\">\n\t\t\t\t\t<div class=\"e-con-inner\">\n\t\t\t\t<div class=\"elementor-element elementor-element-33607b3 elementor-widget elementor-widget-heading\" data-id=\"33607b3\" data-element_type=\"widget\" data-e-type=\"widget\" data-widget_type=\"heading.default\">\n\t\t\t\t<div class=\"elementor-widget-container\">\n\t\t\t\t\t<h2 class=\"elementor-heading-title elementor-size-default\">Repr\u00e9sentations \u00e0 venir<\/h2>\t\t\t\t<\/div>\n\t\t\t\t<\/div>\n\t\t\t\t<div class=\"elementor-element elementor-element-baeebb5 elementor-widget elementor-widget-template\" data-id=\"baeebb5\" data-element_type=\"widget\" data-e-type=\"widget\" data-widget_type=\"template.default\">\n\t\t\t\t<div class=\"elementor-widget-container\">\n\t\t\t\t\t\t\t<div class=\"elementor-template\">\n\t\t\t\t\t<div data-elementor-type=\"page\" data-elementor-id=\"20827\" class=\"elementor elementor-20827\" data-elementor-post-type=\"elementor_library\">\n\t\t\t\t<div class=\"elementor-element elementor-element-efb6c2f e-flex e-con-boxed e-con e-parent\" data-id=\"efb6c2f\" data-element_type=\"container\" data-e-type=\"container\" data-settings=\"{&quot;background_background&quot;:&quot;classic&quot;}\">\n\t\t\t\t\t<div class=\"e-con-inner\">\n\t\t\t\t<div class=\"elementor-element elementor-element-e56851f elementor-widget elementor-widget-heading\" data-id=\"e56851f\" data-element_type=\"widget\" data-e-type=\"widget\" data-widget_type=\"heading.default\">\n\t\t\t\t<div class=\"elementor-widget-container\">\n\t\t\t\t\t<h2 class=\"elementor-heading-title elementor-size-default\">ABRIL Y MAYO<\/h2>\t\t\t\t<\/div>\n\t\t\t\t<\/div>\n\t\t\t\t<div class=\"elementor-element elementor-element-7ddc2bc elementor-widget elementor-widget-text-editor\" data-id=\"7ddc2bc\" data-element_type=\"widget\" data-e-type=\"widget\" data-widget_type=\"text-editor.default\">\n\t\t\t\t<div class=\"elementor-widget-container\">\n\t\t\t\t\t\t\t\t\t<p>Disfruta del Mejor Flamenco Tradicional de Sevilla, con artistas profesionales al Baile, Cante y Guitarra. Los artistas que act\u00faan en nuestro Centro Cultural Flamenco cuentan con importantes premios y prestigio nacional e internacional \u00a1No se lo pierdan!<\/p>\t\t\t\t\t\t\t\t<\/div>\n\t\t\t\t<\/div>\n\t\t\t\t<div class=\"elementor-element elementor-element-78593ac elementor-widget elementor-widget-n-accordion\" data-id=\"78593ac\" data-element_type=\"widget\" data-e-type=\"widget\" data-settings=\"{&quot;default_state&quot;:&quot;expanded&quot;,&quot;max_items_expended&quot;:&quot;one&quot;,&quot;n_accordion_animation_duration&quot;:{&quot;unit&quot;:&quot;ms&quot;,&quot;size&quot;:400,&quot;sizes&quot;:[]}}\" data-widget_type=\"nested-accordion.default\">\n\t\t\t\t<div class=\"elementor-widget-container\">\n\t\t\t\t\t\t\t<div class=\"e-n-accordion\" aria-label=\"Accordion. Open links with Enter or Space, close with Escape, and navigate with Arrow Keys\">\n\t\t\t\t\t\t<details id=\"e-n-accordion-item-1260\" class=\"e-n-accordion-item\" open>\n\t\t\t\t<summary class=\"e-n-accordion-item-title\" data-accordion-index=\"1\" tabindex=\"0\" aria-expanded=\"true\" aria-controls=\"e-n-accordion-item-1260\" >\n\t\t\t\t\t<span class='e-n-accordion-item-title-header'><div class=\"e-n-accordion-item-title-text\"> 17 al 30 de ABRIL <\/div><\/span>\n\t\t\t\t\t\t\t<span class='e-n-accordion-item-title-icon'>\n\t\t\t<span class='e-opened' ><svg aria-hidden=\"true\" class=\"e-font-icon-svg e-fas-minus\" viewBox=\"0 0 448 512\" xmlns=\"http:\/\/www.w3.org\/2000\/svg\"><path d=\"M416 208H32c-17.67 0-32 14.33-32 32v32c0 17.67 14.33 32 32 32h384c17.67 0 32-14.33 32-32v-32c0-17.67-14.33-32-32-32z\"><\/path><\/svg><\/span>\n\t\t\t<span class='e-closed'><svg aria-hidden=\"true\" class=\"e-font-icon-svg e-fas-plus\" viewBox=\"0 0 448 512\" xmlns=\"http:\/\/www.w3.org\/2000\/svg\"><path d=\"M416 208H272V64c0-17.67-14.33-32-32-32h-32c-17.67 0-32 14.33-32 32v144H32c-17.67 0-32 14.33-32 32v32c0 17.67 14.33 32 32 32h144v144c0 17.67 14.33 32 32 32h32c17.67 0 32-14.33 32-32V304h144c17.67 0 32-14.33 32-32v-32c0-17.67-14.33-32-32-32z\"><\/path><\/svg><\/span>\n\t\t<\/span>\n\n\t\t\t\t\t\t<\/summary>\n\t\t\t\t<div role=\"region\" aria-labelledby=\"e-n-accordion-item-1260\" class=\"elementor-element elementor-element-1a24d64 e-con-full e-flex e-con e-child\" data-id=\"1a24d64\" data-element_type=\"container\" data-e-type=\"container\">\n\t\t<div role=\"region\" aria-labelledby=\"e-n-accordion-item-1260\" class=\"elementor-element elementor-element-63354e5 e-flex e-con-boxed e-con e-child\" data-id=\"63354e5\" data-element_type=\"container\" data-e-type=\"container\">\n\t\t\t\t\t<div class=\"e-con-inner\">\n\t\t\t\t<div class=\"elementor-element elementor-element-67ca722 elementor-widget elementor-widget-text-editor\" data-id=\"67ca722\" data-element_type=\"widget\" data-e-type=\"widget\" data-widget_type=\"text-editor.default\">\n\t\t\t\t<div class=\"elementor-widget-container\">\n\t\t\t\t\t\t\t\t\t<p><strong>Viernes 17: TARDES DE \u201c<span style=\"color: #ff0000;\">DUENDE FLAMENCO<\/span>\u201d <\/strong><br \/><strong>Baile:<\/strong> Carmen Young, Irene Rueda y David P\u00e9rez<br \/><strong>Cante<\/strong>: Manuel Pajares y Jes\u00fas Corbacho \/ <strong>Guitarra<\/strong>: \u201cNaranjito Hijo\u201d<\/p><p><strong>S\u00e1bado 18: TARDES DE \u201c<span style=\"color: #ff0000;\">FUERZA FLAMENCA<\/span>\u201d <\/strong><br \/><strong>Baile:<\/strong> Carmen Young, Yolanda Osuna e Iv\u00e1n Orellana<br \/><strong>Cante<\/strong>: Sebasti\u00e1n S\u00e1nchez y Jes\u00fas Corbacho \/ <strong>Guitarra<\/strong>: Tino<br \/><em><strong>(Iv\u00e1n Orellana &#8211; Ganador I Concurso de Baile \u201cMemoria Flamenca\u201d2019)<\/strong><\/em><\/p><p><strong>Domingo 19: TARDES DE \u201c<span style=\"color: #ff0000;\">CORAZ\u00d3N FLAMENCO<\/span>\u201d <\/strong><br \/><strong>Baile:<\/strong> Maribel Ramos, Yolanda Osuna e Iv\u00e1n Orellana<br \/><strong>Cante<\/strong>: Miguel \u00c1ngel Heredia y Jonathan Reyes \/ <strong>Guitarra<\/strong>: Tino<br \/><em><strong>(Iv\u00e1n Orellana &#8211; Ganador I Concurso de Baile \u201cMemoria Flamenca\u201d2019)<\/strong><\/em><\/p><p><strong>Martes 21: TARDES DE \u201c<span style=\"color: #ff0000;\">RA\u00cdCES FLAMENCAS<\/span>\u201d <\/strong><br \/><strong>Baile:<\/strong> Adela Campallo, Irene Rueda y Choro Molina<br \/><strong>Cante<\/strong>: Jeromo Segura y Sebasti\u00e1n S\u00e1nchez \/ <strong>Guitarra<\/strong>: Joselito P\u00e9rez<\/p><p><strong>Mi\u00e9rcoles 22: TARDES DE \u201c<span style=\"color: #ff0000;\">PASI\u00d3N FLAMENCA<\/span>\u201d <\/strong><br \/><strong>Baile:<\/strong> Lole de los Reyes, Maribel Ramos y \u00d3scar de los Reyes<br \/><strong>Cante<\/strong>: Sebasti\u00e1n S\u00e1nchez, Bernardo Miranda \/ <strong>Guitarra<\/strong>: Jordi Flores<\/p><p><strong>Jueves 23: TARDES DE \u201c<span style=\"color: #ff0000;\">ALMA<\/span> <span style=\"color: #ff0000;\">FLAMENCA<\/span>\u201d <\/strong><br \/><strong>Baile:<\/strong> Gloria del Rosario, Irene Rueda y \u00d3scar de los Reyes<br \/><strong>Cante<\/strong>: Bernardo Miranda y Jes\u00fas Corbacho \/ <strong>Guitarra<\/strong>: Jordi Flores<\/p><p><strong>Viernes 24: TARDES DE \u201c<span style=\"color: #ff0000;\">DUENDE FLAMENCO<\/span>\u201d <\/strong><br \/><strong>Baile:<\/strong> Manuela R\u00edos, Yaiza Trigo y Choro Molina<br \/><strong>Cante<\/strong>: Quini de Jerez y Jeromo Segura \/ <strong>Guitarra<\/strong>: Joselito P\u00e9rez<\/p><p><strong>S\u00e1bado 25: TARDES DE \u201c<span style=\"color: #ff0000;\">FUERZA FLAMENCA<\/span>\u201d <\/strong><br \/><strong>Baile:<\/strong> Yolanda Osuna, Manuela R\u00edos y Choro Molina<br \/><strong>Cante<\/strong>: Jes\u00fas Corbacho y Sebasti\u00e1n S\u00e1nchez \/ <strong>Guitarra<\/strong>: \u201cNaranjito Hijo\u201d<\/p><p><strong>Domingo 26: TARDES DE \u201c<span style=\"color: #ff0000;\">ALMA FLAMENCA<\/span>\u201d <\/strong><br \/><strong>Baile:<\/strong> Irene Rueda, Milena Tejada y David P\u00e9rez<br \/><strong>Cante<\/strong>: Sebasti\u00e1n S\u00e1nchez y Jonathan Reyes \/ <strong>Guitarra<\/strong>: Ra\u00fal Cantizano<\/p><p><strong>Martes 28: TARDES DE \u201c<span style=\"color: #ff0000;\">RA\u00cdCES FLAMENCAS<\/span>\u201d <\/strong><br \/><strong>Baile:<\/strong> Claudia la Debla, Zaira Prudencio e Iv\u00e1n Orellana<br \/><strong>Cante<\/strong>: Juan de la Mar\u00eda y Miguel \u00c1ngel Heredia \/ <strong>Guitarra<\/strong>: \u00c1lvaro Mora<br \/><em><strong>(Iv\u00e1n Orellana &#8211; Ganador I Concurso de Baile \u201cMemoria Flamenca\u201d2019)<\/strong><\/em><\/p><p><strong>Mi\u00e9rcoles 29: TARDES DE \u201c<span style=\"color: #ff0000;\">PASI\u00d3N<\/span> <span style=\"color: #ff0000;\">FLAMENCA<\/span>\u201d <\/strong><br \/><strong>Baile:<\/strong> Lole de los Reyes, Carmen Young y David P\u00e9rez<br \/><strong>Cante<\/strong>: Miguel \u00c1ngel Heredia e Inma Rivero \/ <strong>Guitarra<\/strong>: Jordi Flores<\/p><p><strong>Jueves 30: TARDES DE \u201c<span style=\"color: #ff0000;\">CORAZ\u00d3N FLAMENCO<\/span>\u201d <\/strong><br \/><strong>Baile:<\/strong> Carmen Young, Zaira Prudencio e Iv\u00e1n Orellana<br \/><strong>Cante<\/strong>: Jonathan Reyes y Jes\u00fas Corbacho \/ <strong>Guitarra<\/strong>: Salvador Guti\u00e9rrez<br \/><em><strong>(Iv\u00e1n Orellana &#8211; Ganador I Concurso de Baile \u201cMemoria Flamenca\u201d2019)<\/strong><\/em><\/p>\t\t\t\t\t\t\t\t<\/div>\n\t\t\t\t<\/div>\n\t\t\t\t\t<\/div>\n\t\t\t\t<\/div>\n\t\t\t\t<\/div>\n\t\t\t\t\t<\/details>\n\t\t\t\t\t\t<details id=\"e-n-accordion-item-1261\" class=\"e-n-accordion-item\" >\n\t\t\t\t<summary class=\"e-n-accordion-item-title\" data-accordion-index=\"2\" tabindex=\"-1\" aria-expanded=\"false\" aria-controls=\"e-n-accordion-item-1261\" >\n\t\t\t\t\t<span class='e-n-accordion-item-title-header'><div class=\"e-n-accordion-item-title-text\"> 1 al 15 de MAYO <\/div><\/span>\n\t\t\t\t\t\t\t<span class='e-n-accordion-item-title-icon'>\n\t\t\t<span class='e-opened' ><svg aria-hidden=\"true\" class=\"e-font-icon-svg e-fas-minus\" viewBox=\"0 0 448 512\" xmlns=\"http:\/\/www.w3.org\/2000\/svg\"><path d=\"M416 208H32c-17.67 0-32 14.33-32 32v32c0 17.67 14.33 32 32 32h384c17.67 0 32-14.33 32-32v-32c0-17.67-14.33-32-32-32z\"><\/path><\/svg><\/span>\n\t\t\t<span class='e-closed'><svg aria-hidden=\"true\" class=\"e-font-icon-svg e-fas-plus\" viewBox=\"0 0 448 512\" xmlns=\"http:\/\/www.w3.org\/2000\/svg\"><path d=\"M416 208H272V64c0-17.67-14.33-32-32-32h-32c-17.67 0-32 14.33-32 32v144H32c-17.67 0-32 14.33-32 32v32c0 17.67 14.33 32 32 32h144v144c0 17.67 14.33 32 32 32h32c17.67 0 32-14.33 32-32V304h144c17.67 0 32-14.33 32-32v-32c0-17.67-14.33-32-32-32z\"><\/path><\/svg><\/span>\n\t\t<\/span>\n\n\t\t\t\t\t\t<\/summary>\n\t\t\t\t<div role=\"region\" aria-labelledby=\"e-n-accordion-item-1261\" class=\"elementor-element elementor-element-991e149 e-con-full e-flex e-con e-child\" data-id=\"991e149\" data-element_type=\"container\" data-e-type=\"container\">\n\t\t<div role=\"region\" aria-labelledby=\"e-n-accordion-item-1261\" class=\"elementor-element elementor-element-fc560a5 e-flex e-con-boxed e-con e-child\" data-id=\"fc560a5\" data-element_type=\"container\" data-e-type=\"container\">\n\t\t\t\t\t<div class=\"e-con-inner\">\n\t\t\t\t<div class=\"elementor-element elementor-element-32292a0 elementor-drop-cap-yes elementor-drop-cap-view-default elementor-widget elementor-widget-text-editor\" data-id=\"32292a0\" data-element_type=\"widget\" data-e-type=\"widget\" data-settings=\"{&quot;drop_cap&quot;:&quot;yes&quot;}\" data-widget_type=\"text-editor.default\">\n\t\t\t\t<div class=\"elementor-widget-container\">\n\t\t\t\t\t\t\t\t\t<p><strong>Viernes 1: TARDES DE \u201c<span style=\"color: #ff0000;\">RA\u00cdCES FLAMENCAS<\/span>\u201d<\/strong><br \/><strong>Baile:<\/strong> Gloria del Rosario, Yaiza Trigo e Iv\u00e1n Orellana<br \/><strong>Cante:<\/strong> Iv\u00e1n Carpio y Jeromo Segura \/ <strong>Guitarra:<\/strong> Jordi Flores<br \/><em><strong>(Iv\u00e1n Orellana &#8211; Ganador I Concurso de Baile \u201cMemoria Flamenca\u201d2019)<\/strong><\/em><\/p><p><strong>S\u00e1bado 2: TARDES DE \u201c<span style=\"color: #ff0000;\">DUENDE FLAMENCO<\/span>\u201d<\/strong><br \/><strong>Baile:<\/strong> Milena Tejada, Mar\u00eda Carrasco y David P\u00e9rez<br \/><strong>Cante:<\/strong> Iv\u00e1n Carpio y Jonathan Reyes \/ <strong>Guitarra:<\/strong> \u00c1lvaro Mora<\/p><p><strong>Domingo 3: TARDES DE \u201c<span style=\"color: #ff0000;\">CORAZ\u00d3N FLAMENCO<\/span>\u201d<\/strong><br \/><strong>Baile:<\/strong> Maribel Ramos \u00ab\u00a0Zambra\u00a0\u00bb, Irene Rueda e Iv\u00e1n Orellana<br \/><strong>Cante:<\/strong> Josu\u00e9 Segura y Jonathan Reyes \/ <strong>Guitarra:<\/strong> Jordi Flores<br \/><em><strong>(Iv\u00e1n Orellana &#8211; Ganador I Concurso de Baile \u201cMemoria Flamenca\u201d2019)<\/strong><\/em><\/p><p><strong>Martes 5: TARDES DE \u201c<span style=\"color: #ff0000;\">RA\u00cdCES FLAMENCAS<\/span>\u201d<\/strong><br \/><strong>Baile:<\/strong> Adela Campallo, Saray de los Reyes y Choro Molina<br \/><strong>Cante:<\/strong> Jes\u00fas Corbacho e Iv\u00e1n Orellana \/ <strong>Guitarra:<\/strong> Ra\u00fal Cantizano<\/p><p><strong>Mi\u00e9rcoles 6: TARDES DE \u201c<span style=\"color: #ff0000;\">PASI\u00d3N FLAMENCA<\/span>\u201d<\/strong><br \/><strong>Baile:<\/strong> Carmen Young, Gema Moneo e Iv\u00e1n Orellana<br \/><strong>Cante:<\/strong> Jos\u00e9 Pechuguita, Quini de Jerez \/ <strong>Guitarra:<\/strong> Salvador Guti\u00e9rrez<br \/><em><strong>(Iv\u00e1n Orellana &#8211; Ganador I Concurso de Baile \u201cMemoria Flamenca\u201d2019)<\/strong><\/em><\/p><p><strong>Jueves 7: TARDES DE \u201c<span style=\"color: #ff0000;\">ARTE FLAMENCO<\/span>\u201d<\/strong><br \/><strong>Baile:<\/strong> Manuela R\u00edos, Mar\u00eda Carrasco y Choro Molina<br \/><strong>Cante:<\/strong> Inma Rivero y Juan de la Mar\u00eda \/ <strong>Guitarra:<\/strong> Ra\u00fal Cantizano<\/p><p><strong>Viernes 8: TARDES DE \u201c<span style=\"color: #ff0000;\">ALMA FLAMENCA<\/span>\u201d<\/strong><br \/><strong>Baile:<\/strong> Claudia la Debla, Gloria del Rosario e Iv\u00e1n Orellana<br \/><strong>Cante:<\/strong> Inma Rivero y Juan de la Mar\u00eda \/ <strong>Guitarra:<\/strong> \u00c1lvaro Mora<br \/><em><strong>(Iv\u00e1n Orellana &#8211; Ganador I Concurso de Baile \u201cMemoria Flamenca\u201d2019)<\/strong><\/em><\/p><p><strong>S\u00e1bado 9: TARDES DE \u201c<span style=\"color: #ff0000;\">DUENDE<\/span> <span style=\"color: #ff0000;\">FLAMENCO<\/span>\u201d<\/strong><br \/><strong>Baile:<\/strong> Gema Moneo, Irene Rueda y \u00d3scar de los Reyes<br \/><strong>Cante:<\/strong> Jeromo Segura y Jonathan Reyes \/ <strong>Guitarra:<\/strong> Jordi Flores<\/p><p><strong>Domingo 10: TARDES DE \u201c<span style=\"color: #ff0000;\">CORAZ\u00d3N<\/span> <span style=\"color: #ff0000;\">FLAMENCO<\/span>\u201d<\/strong><br \/><strong>Baile:<\/strong> Milena Tejada Gema Moneo, Felipe Mato<br \/><strong>Cante:<\/strong> Jonathan Reyes y \u201cEl Perre\u201d \/ <strong>Guitarra:<\/strong> Joselito P\u00e9rez<\/p><p><strong>Martes 12: TARDES DE \u201c<span style=\"color: #ff0000;\">ARTE FLAMENCO<\/span>\u201d<\/strong><br \/><strong>Baile:<\/strong> Irene Rueda, Maribel Ramos \u00ab\u00a0Zambra\u00a0\u00bb y David P\u00e9rez<br \/><strong>Cante:<\/strong> Iv\u00e1n Carpio y Jos\u00e9 Pechuguita \/ <strong>Guitarra:<\/strong> Tino<\/p><p><strong>Mi\u00e9rcoles 13: TARDES DE \u201c<span style=\"color: #ff0000;\">DUENDE<\/span> <span style=\"color: #ff0000;\">FLAMENCO<\/span>\u201d<\/strong><br \/><strong>Baile:<\/strong> Claudia la Debla, Lole de los Reyes y Choro Molina<br \/><strong>Cante:<\/strong> Iv\u00e1n Carpio y Jes\u00fas Corbacho \/ <strong>Guitarra:<\/strong> Salvador Guti\u00e9rrez<\/p><p><strong>Jueves 14: TARDES DE \u201c<span style=\"color: #ff0000;\">ALMA<\/span> <span style=\"color: #ff0000;\">FLAMENCA<\/span>\u201d<\/strong><br \/><strong>Baile:<\/strong> Irene Rueda, Saray de los Reyes y Felipe Mato<br \/><strong>Cante:<\/strong> Iv\u00e1n Carpio y Jes\u00fas Corbacho \/ <strong>Guitarra:<\/strong> Salvador Guti\u00e9rrez<\/p><p><strong>Viernes 15: TARDES DE \u201c<span style=\"color: #ff0000;\">DUENDE FLAMENCO<\/span>\u201d<\/strong><br \/><strong>Baile:<\/strong> Lole de los Reyes, Saray de los Reyes y David P\u00e9rez<br \/><strong>Cante:<\/strong> Iv\u00e1n Carpio y Jes\u00fas Corbacho \/ <strong>Guitarra:<\/strong> \u201cNaranjito Hijo\u201d<\/p>\t\t\t\t\t\t\t\t<\/div>\n\t\t\t\t<\/div>\n\t\t\t\t\t<\/div>\n\t\t\t\t<\/div>\n\t\t\t\t<\/div>\n\t\t\t\t\t<\/details>\n\t\t\t\t\t\t<details id=\"e-n-accordion-item-1262\" class=\"e-n-accordion-item\" >\n\t\t\t\t<summary class=\"e-n-accordion-item-title\" data-accordion-index=\"3\" tabindex=\"-1\" aria-expanded=\"false\" aria-controls=\"e-n-accordion-item-1262\" >\n\t\t\t\t\t<span class='e-n-accordion-item-title-header'><div class=\"e-n-accordion-item-title-text\"> 16 al 31 de MAYO <\/div><\/span>\n\t\t\t\t\t\t\t<span class='e-n-accordion-item-title-icon'>\n\t\t\t<span class='e-opened' ><svg aria-hidden=\"true\" class=\"e-font-icon-svg e-fas-minus\" viewBox=\"0 0 448 512\" xmlns=\"http:\/\/www.w3.org\/2000\/svg\"><path d=\"M416 208H32c-17.67 0-32 14.33-32 32v32c0 17.67 14.33 32 32 32h384c17.67 0 32-14.33 32-32v-32c0-17.67-14.33-32-32-32z\"><\/path><\/svg><\/span>\n\t\t\t<span class='e-closed'><svg aria-hidden=\"true\" class=\"e-font-icon-svg e-fas-plus\" viewBox=\"0 0 448 512\" xmlns=\"http:\/\/www.w3.org\/2000\/svg\"><path d=\"M416 208H272V64c0-17.67-14.33-32-32-32h-32c-17.67 0-32 14.33-32 32v144H32c-17.67 0-32 14.33-32 32v32c0 17.67 14.33 32 32 32h144v144c0 17.67 14.33 32 32 32h32c17.67 0 32-14.33 32-32V304h144c17.67 0 32-14.33 32-32v-32c0-17.67-14.33-32-32-32z\"><\/path><\/svg><\/span>\n\t\t<\/span>\n\n\t\t\t\t\t\t<\/summary>\n\t\t\t\t<div role=\"region\" aria-labelledby=\"e-n-accordion-item-1262\" class=\"elementor-element elementor-element-f14277d e-con-full e-flex e-con e-child\" data-id=\"f14277d\" data-element_type=\"container\" data-e-type=\"container\">\n\t\t<div role=\"region\" aria-labelledby=\"e-n-accordion-item-1262\" class=\"elementor-element elementor-element-f09764e e-flex e-con-boxed e-con e-child\" data-id=\"f09764e\" data-element_type=\"container\" data-e-type=\"container\">\n\t\t\t\t\t<div class=\"e-con-inner\">\n\t\t\t\t<div class=\"elementor-element elementor-element-1854a17 elementor-widget elementor-widget-text-editor\" data-id=\"1854a17\" data-element_type=\"widget\" data-e-type=\"widget\" data-widget_type=\"text-editor.default\">\n\t\t\t\t<div class=\"elementor-widget-container\">\n\t\t\t\t\t\t\t\t\t<p><strong>S\u00e1bado 16: TARDES DE \u201c<span style=\"color: #ff0000;\">CORAZ\u00d3N FLAMENCO<\/span>\u201d<\/strong><br \/><strong>Baile:<\/strong> Maribel Ramos \u00ab\u00a0Zambra\u00a0\u00bb, Yolanda Osuna, \u00d3scar de los Reyes<br \/><strong>Cante:<\/strong> Jeromo Segura y Jonathan Reyes \/ <strong>Guitarra:<\/strong> \u201cNaranjito Hijo\u201d<\/p><p><strong>Domingo 17: TARDES DE \u201c<span style=\"color: #ff0000;\">FUERZA FLAMENCA<\/span>\u201d<\/strong><br \/><strong>Baile:<\/strong> \u00c1gueda Saavedra, Irene Rueda y \u00d3scar de los Reyes<br \/><strong>Cante:<\/strong> Silvia Reina y Jonathan Reyes \/ <strong>Guitarra:<\/strong> Jes\u00fas Rodr\u00edguez<\/p><p><strong>Martes 19: TARDES DE \u201c<span style=\"color: #ff0000;\">RA\u00cdCES<\/span> <span style=\"color: #ff0000;\">FLAMENCAS<\/span>\u201d<\/strong><br \/><strong>Baile:<\/strong> \u00c1gueda Saavedra, Claudia la Debla y \u00d3scar de los Reyes<br \/><strong>Cante:<\/strong> Juan de la Mar\u00eda y Miguel \u00c1ngel Heredia \/ <strong>Guitarra:<\/strong> Tino<\/p><p><strong>Mi\u00e9rcoles 20: TARDES DE \u201c<span style=\"color: #ff0000;\">PASI\u00d3N<\/span> <span style=\"color: #ff0000;\">FLAMENCA<\/span>\u201d<\/strong><br \/><strong>Baile:<\/strong> Carmen Young, Adela Campallo y David P\u00e9rez<br \/><strong>Cante:<\/strong> Quini de Jerez y \u201cEl Perre\u201d \/ <strong>Guitarra:<\/strong> Ra\u00fal Cantizano<\/p><p><strong>Jueves 21: TARDES DE \u201c<span style=\"color: #ff0000;\">ALMA<\/span> <span style=\"color: #ff0000;\">FLAMENCA<\/span>\u201d<\/strong><br \/><strong>Baile:<\/strong> Adela Campallo, Rosa Belmonte y \u00d3scar de los Reyes<br \/><strong>Cante:<\/strong> Jos\u00e9 Pechuguita y \u201cEl Perre\u201d \/ <strong>Guitarra:<\/strong> Salvador Guti\u00e9rrez<\/p><p><strong>Viernes 22: TARDES DE \u201c<span style=\"color: #ff0000;\">DUENDE<\/span> <span style=\"color: #ff0000;\">FLAMENCO<\/span>\u201d<\/strong><br \/><strong>Baile:<\/strong> Yaiza Trigo, Yolanda Osuna y Felipe Mato<br \/><strong>Cante:<\/strong> Jes\u00fas Corbacho y \u201cEl Perre\u201d \/ <strong>Guitarra:<\/strong> \u201cNaranjito Hijo\u201d<\/p><p><strong>S\u00e1bado 23: TARDES DE \u201c<span style=\"color: #ff0000;\">FUERZA<\/span> <span style=\"color: #ff0000;\">FLAMENCA<\/span>\u201d<\/strong><br \/><strong>Baile:<\/strong> Yaiza Trigo, Yolanda Osuna y Jos\u00e9 Montes<br \/><strong>Cante:<\/strong> Sebasti\u00e1n S\u00e1nchez y \u201cEl Perre\u201d \/ <strong>Guitarra:<\/strong> Emiliano Liti<\/p><p><strong>Domingo 24: TARDES DE \u201c<span style=\"color: #ff0000;\">ALMA<\/span> <span style=\"color: #ff0000;\">FLAMENCA<\/span>\u201d<\/strong><br \/><strong>Baile:<\/strong> Manuela R\u00edos, Maribel Ramos \u00ab\u00a0Zambra\u00a0\u00bb y Jos\u00e9 Montes<br \/><strong>Cante:<\/strong> Sebasti\u00e1n S\u00e1nchez y Jos\u00e9 Pechuguita \/ <strong>Guitarra: <\/strong>\u201cNaranjito Hijo\u201d<\/p><p><strong>Martes 26: TARDES DE \u201c<span style=\"color: #ff0000;\">RA\u00cdCES<\/span> <span style=\"color: #ff0000;\">FLAMENCAS<\/span>\u201d<\/strong><br \/><strong>Baile:<\/strong> Manuela R\u00edos, Isabel Alarc\u00f3n y Felipe Mato<br \/><strong>Cante:<\/strong> Juan de la Mar\u00eda y Miguel \u00c1ngel Heredia \/ <strong>Guitarra:<\/strong> Jordi Flores<\/p><p><em><strong>(Isabel Alarc\u00f3n &#8211; Ganadora II Concurso de Baile \u201cMemoria Flamenca\u201d2024)<\/strong><\/em><\/p><p><strong>Mi\u00e9rcoles 27: TARDES DE \u201c<span style=\"color: #ff0000;\">PASI\u00d3N<\/span> <span style=\"color: #ff0000;\">FLAMENCA<\/span>\u201d<\/strong><br \/><strong>Baile:<\/strong> Carmen Young, Adela Campallo y Choro Molina<br \/><strong>Cante:<\/strong> Miguel \u00c1ngel Heredia, Juan de la Mar\u00eda \/ <strong>Guitarra:<\/strong> Ra\u00fal Cantizano<\/p><p><strong>Jueves 28: TARDES DE \u201c<span style=\"color: #ff0000;\">CORAZ\u00d3N<\/span> <span style=\"color: #ff0000;\">FLAMENCO<\/span>\u201d<\/strong><br \/><strong>Baile:<\/strong> Claudia la Debla, Gema Moneo y Juan Tom\u00e1s de la Mol\u00eda<br \/><strong>Cante:<\/strong> Jeromo Segura y Quini de Jerez \/ <strong>Guitarra:<\/strong> \u201cNaranjito Hijo\u201d<\/p><p><strong>Viernes 29: TARDES DE \u201c<span style=\"color: #ff0000;\">DUENDE<\/span> <span style=\"color: #ff0000;\">FLAMENCO<\/span>\u201d<\/strong><br \/><strong>Baile:<\/strong> Adela Campallo, Rosa Belmonte y Juan Tom\u00e1s de la Mol\u00eda<br \/><strong>Cante:<\/strong> Sebasti\u00e1n S\u00e1nchez y Quini de Jerez \/ <strong>Guitarra:<\/strong> Ra\u00fal Cantizano<\/p><p><strong>S\u00e1bado 30: TARDES DE \u201c<span style=\"color: #ff0000;\">FUERZA<\/span> <span style=\"color: #ff0000;\">FLAMENCA<\/span>\u201d<\/strong><br \/><strong>Baile:<\/strong> Adela Campallo, Lole de los Reyes y \u00d3scar de los Reyes<br \/><strong>Cante:<\/strong> Jeromo Segura e Inma Rivero \/ <strong>Guitarra:<\/strong> \u201cNaranjito Hijo\u201d<\/p><p><strong>Domingo 31: TARDES DE \u201c<span style=\"color: #ff0000;\">ALMA<\/span> <span style=\"color: #ff0000;\">FLAMENCA<\/span>\u201d<\/strong><br \/><strong>Baile:<\/strong> Manuela R\u00edos, Carmen Young y Juan Tom\u00e1s de la Mol\u00eda<br \/><strong>Cante:<\/strong> Sebasti\u00e1n S\u00e1nchez y Silvia Reina \/ <strong>Guitarra:<\/strong> \u00c1lvaro Mora<\/p>\t\t\t\t\t\t\t\t<\/div>\n\t\t\t\t<\/div>\n\t\t\t\t\t<\/div>\n\t\t\t\t<\/div>\n\t\t\t\t<\/div>\n\t\t\t\t\t<\/details>\n\t\t\t\t\t<\/div>\n\t\t\t\t\t\t<\/div>\n\t\t\t\t<\/div>\n\t\t\t\t\t<\/div>\n\t\t\t\t<\/div>\n\t\t\t\t<\/div>\n\t\t\t\t<\/div>\n\t\t\t\t\t\t<\/div>\n\t\t\t\t<\/div>\n\t\t\t\t<div class=\"elementor-element elementor-element-87630f9 elementor-align-center iconoEntrada elementor-widget elementor-widget-button\" data-id=\"87630f9\" data-element_type=\"widget\" data-e-type=\"widget\" data-widget_type=\"button.default\">\n\t\t\t\t<div class=\"elementor-widget-container\">\n\t\t\t\t\t\t\t\t\t<div class=\"elementor-button-wrapper\">\n\t\t\t\t\t<a class=\"elementor-button elementor-button-link elementor-size-md\" href=\"https:\/\/fareharbor.com\/embeds\/book\/casadelamemoria\/items\/663945\/?full-items=yes&#038;flow=1468306\">\n\t\t\t\t\t\t<span class=\"elementor-button-content-wrapper\">\n\t\t\t\t\t\t\t\t\t<span class=\"elementor-button-text\">Acheter des billets<\/span>\n\t\t\t\t\t<\/span>\n\t\t\t\t\t<\/a>\n\t\t\t\t<\/div>\n\t\t\t\t\t\t\t\t<\/div>\n\t\t\t\t<\/div>\n\t\t\t\t\t<\/div>\n\t\t\t\t<\/div>\n\t\t\t\t<\/div>\n\t\t","protected":false},"excerpt":{"rendered":"<p>Repr\u00e9sentations \u00e0 venir Acheter des billets<\/p>\n","protected":false},"author":2,"featured_media":0,"parent":0,"menu_order":0,"comment_status":"closed","ping_status":"closed","template":"elementor_header_footer","meta":{"_acf_changed":false,"om_disable_all_campaigns":false,"footnotes":""},"class_list":["post-21417","page","type-page","status-publish"],"acf":[],"aioseo_notices":[],"_links":{"self":[{"href":"https:\/\/casadelamemoria.es\/fr\/wp-json\/wp\/v2\/pages\/21417","targetHints":{"allow":["GET"]}}],"collection":[{"href":"https:\/\/casadelamemoria.es\/fr\/wp-json\/wp\/v2\/pages"}],"about":[{"href":"https:\/\/casadelamemoria.es\/fr\/wp-json\/wp\/v2\/types\/page"}],"author":[{"embeddable":true,"href":"https:\/\/casadelamemoria.es\/fr\/wp-json\/wp\/v2\/users\/2"}],"replies":[{"embeddable":true,"href":"https:\/\/casadelamemoria.es\/fr\/wp-json\/wp\/v2\/comments?post=21417"}],"version-history":[{"count":0,"href":"https:\/\/casadelamemoria.es\/fr\/wp-json\/wp\/v2\/pages\/21417\/revisions"}],"wp:attachment":[{"href":"https:\/\/casadelamemoria.es\/fr\/wp-json\/wp\/v2\/media?parent=21417"}],"curies":[{"name":"wp","href":"https:\/\/api.w.org\/{rel}","templated":true}]}}