{"id":21482,"date":"2023-12-11T12:49:28","date_gmt":"2023-12-11T11:49:28","guid":{"rendered":"https:\/\/en-desarrollo.eu\/casadelamemoria\/politique-de-confidentialite\/"},"modified":"2023-12-11T12:49:29","modified_gmt":"2023-12-11T11:49:29","slug":"politique-de-confidentialite","status":"publish","type":"page","link":"https:\/\/casadelamemoria.es\/fr\/politique-de-confidentialite\/","title":{"rendered":"Politique de confidentialit\u00e9"},"content":{"rendered":"\n<p><strong>Protection des donn\u00e9es personnelles selon la LOPD<\/strong><\/p>\n\n<p>Casa de la Memoria de Al-Andalus, S.L, en application de la r\u00e9glementation en vigueur sur la protection des donn\u00e9es personnelles, informe que les donn\u00e9es personnelles collect\u00e9es via les formulaires du site Web : www.casadelamemoria.es, sont incluses dans les fichiers automatis\u00e9s sp\u00e9cifiques \u00e0 les utilisateurs des services de Casa de la Memoria de Al-Andalus, S.L.&#13;\n<\/p>\n\n<p>La finalit\u00e9 de la collecte et du traitement automatis\u00e9 des donn\u00e9es personnelles est de maintenir la relation commerciale et la r\u00e9alisation d&rsquo;informations, de formations, de conseils et d&rsquo;autres activit\u00e9s de Casa de la Memoria de Al-Andalus, S.L.&#13;\n<\/p>\n\n<p>Ces donn\u00e9es ne seront transf\u00e9r\u00e9es qu&rsquo;aux entit\u00e9s n\u00e9cessaires dans le seul but de respecter la finalit\u00e9 indiqu\u00e9e pr\u00e9c\u00e9demment.&#13;\n<\/p>\n\n<p>Casa de la Memoria de Al-Andalus, S.L adopte les mesures n\u00e9cessaires pour garantir la s\u00e9curit\u00e9, l&rsquo;int\u00e9grit\u00e9 et la confidentialit\u00e9 des donn\u00e9es conform\u00e9ment aux dispositions du r\u00e8glement (UE) 2016\/679 du Parlement europ\u00e9en et du Conseil du 27 avril. , 2016, concernant la protection des personnes physiques \u00e0 l&rsquo;\u00e9gard du traitement des donn\u00e9es \u00e0 caract\u00e8re personnel et la libre circulation de ces donn\u00e9es.&#13;\n<\/p>\n\n<p>L&rsquo;utilisateur peut \u00e0 tout moment exercer les droits d&rsquo;acc\u00e8s, d&rsquo;opposition, de rectification et d&rsquo;annulation reconnus dans le r\u00e8glement (UE) susmentionn\u00e9. L&rsquo;utilisateur peut exercer ces droits en envoyant un e-mail \u00e0 : flamencomemoria@gmail.com ou \u00e0 l&rsquo;adresse : Calle Cuna 6, Sevilla 41004&#13;\n<\/p>\n\n<p>L&rsquo;utilisateur d\u00e9clare que toutes les donn\u00e9es fournies par lui sont v\u00e9ridiques et exactes et s&rsquo;engage \u00e0 les maintenir \u00e0 jour, en communiquant les modifications \u00e0 Casa de la Memoria de Al-Andalus, S.L.&#13;\n<\/p>\n\n<p><strong>Finalit\u00e9 du traitement des donn\u00e9es personnelles :<\/strong><\/p>\n\n<p><strong>Dans quel but traiterons-nous vos donn\u00e9es personnelles ?<\/strong><\/p>\n\n<p>\u00c0 Casa de la Memoria de Al-Andalus, S.L, nous traiterons vos donn\u00e9es personnelles collect\u00e9es via le site Web : www.casadelamemoria.es, aux fins suivantes :&#13;\n<\/p>\n\n<p>En cas de souscription aux biens et services offerts par Casa de la Memoria de Al-Andalus, S.L, pour maintenir la relation contractuelle, ainsi que la gestion, l&rsquo;administration, l&rsquo;information, la fourniture et l&rsquo;am\u00e9lioration du service.&#13;\n<\/p>\n\n<p>Envoi des informations demand\u00e9es via les formulaires disponibles sur www.casadelamemoria.es&#13;\n<\/p>\n\n<p>Envoyer des newsletters, ainsi que des communications commerciales de promotions et\/ou publicit\u00e9s de Casa de la Memoria de Al-Andalus, S.L, et du secteur.&#13;\n<\/p>\n\n<p>Nous vous rappelons que vous pouvez vous opposer \u00e0 l&rsquo;envoi de communications commerciales par tout moyen et \u00e0 tout moment, en envoyant un email \u00e0 l&rsquo;adresse indiqu\u00e9e ci-dessus.&#13;\n<\/p>\n\n<p>Les champs de ces enregistrements doivent \u00eatre compl\u00e9t\u00e9s et il est impossible d&rsquo;atteindre les objectifs d\u00e9clar\u00e9s si ces donn\u00e9es ne sont pas fournies.&#13;\n<\/p>\n\n<p><strong>Combien de temps les donn\u00e9es personnelles collect\u00e9es sont-elles conserv\u00e9es?<\/strong><\/p>\n\n<p>Les donn\u00e9es personnelles fournies seront conserv\u00e9es aussi longtemps que la relation commerciale est maintenue ou que vous ne demandez pas leur suppression et pendant la p\u00e9riode pendant laquelle des responsabilit\u00e9s l\u00e9gales peuvent na\u00eetre pour les services fournis.&#13;\n<\/p>\n\n<p><strong>L\u00e9gitimation:<\/strong><\/p>\n\n<p>Le traitement de vos donn\u00e9es est effectu\u00e9 avec les bases juridiques suivantes qui le l\u00e9gitiment :&#13;\n<\/p>\n\n<p>La demande d&rsquo;informations et\/ou la souscription des services de Casa de la Memoria de Al-Andalus, S.L, dont les termes et conditions seront mis \u00e0 votre disposition dans tous les cas, pr\u00e9alablement \u00e0 un \u00e9ventuel contrat.&#13;\n<\/p>\n\n<p>Consentement libre, sp\u00e9cifique, \u00e9clair\u00e9 et sans \u00e9quivoque, comme nous vous l&rsquo;informons en mettant \u00e0 votre disposition cette politique de confidentialit\u00e9, qu&rsquo;apr\u00e8s l&rsquo;avoir lue, si vous l&rsquo;acceptez, vous pouvez l&rsquo;accepter au moyen d&rsquo;une d\u00e9claration ou d&rsquo;une action positive claire, comme cocher une case pr\u00e9vue \u00e0 cet effet. dans ce but.&#13;\n<\/p>\n\n<p>Si vous ne nous fournissez pas vos donn\u00e9es ou si vous les fournissez de mani\u00e8re incorrecte ou incompl\u00e8te, nous ne serons pas en mesure de r\u00e9pondre \u00e0 votre demande, ce qui rendra totalement impossible de vous fournir les informations demand\u00e9es ou d&rsquo;effectuer la sous-traitance des services.&#13;\n<\/p>\n\n<p><strong>Destinataires:<\/strong><\/p>\n\n<p>Les donn\u00e9es ne seront communiqu\u00e9es \u00e0 aucun tiers autre que Casa de la Memoria de Al-Andalus, S.L, sauf obligation l\u00e9gale.<\/p>\n\n<p>En tant que sous-traitants, nous avons retenu les prestataires suivants, s&rsquo;\u00e9tant engag\u00e9s \u00e0 respecter les dispositions r\u00e9glementaires applicables en mati\u00e8re de protection des donn\u00e9es, au moment de la souscription:<\/p>\n\n<p>Casa de la Memoria de Al-Andalus, S.L, dont l&rsquo;adresse est C\/Cuna, 6 (41004 Sevilla), NIF\/CIF B-41986928, fournit des services de commerce \u00e9lectronique et de vente de billets pour le spectacle \u00e0 la Casa de la Memoria.<\/p>\n\n<p> Vous pouvez consulter la politique de confidentialit\u00e9 et d&rsquo;autres aspects juridiques de l&rsquo;entreprise sur le lien suivant : www.casadelamemoria.es&#13;\n<\/p>\n\n<p><strong>Donn\u00e9es collect\u00e9es par les utilisateurs des services<\/strong><\/p>\n\n<p>Dans les cas o\u00f9 l&rsquo;utilisateur inclut des fichiers contenant des donn\u00e9es personnelles sur des serveurs d&rsquo;h\u00e9bergement partag\u00e9, Casa de la Memoria de Al-Andalus, S.L n&rsquo;est pas responsable du non-respect par l&rsquo;utilisateur du RGPD.&#13;\n<\/p>\n\n<p><strong>Conservation des donn\u00e9es conform\u00e9ment \u00e0 la LSSI<\/strong><\/p>\n\n<p>Casa de la Memoria de Al-Andalus, S.L informe qu&rsquo;en tant que fournisseur de services d&rsquo;h\u00e9bergement de donn\u00e9es et en vertu des dispositions de la loi 34\/2002 du 11 juillet relative aux services de la soci\u00e9t\u00e9 de l&rsquo;information et du commerce \u00e9lectronique (LSSI), conserve pour une dur\u00e9e maximale de 12 mois les informations essentielles pour identifier l&rsquo;origine des donn\u00e9es h\u00e9berg\u00e9es et le moment o\u00f9 la fourniture du service a commenc\u00e9. La conservation de ces donn\u00e9es n&rsquo;affecte pas le secret des communications et ne peut \u00eatre utilis\u00e9e que dans le cadre d&rsquo;une enqu\u00eate p\u00e9nale ou pour sauvegarder la s\u00e9curit\u00e9 publique, en les mettant \u00e0 la disposition des juges et\/ou tribunaux ou du Minist\u00e8re qui le demande.&#13;\n<\/p>\n\n<p>La communication des donn\u00e9es aux Forces et Corps de l&rsquo;\u00c9tat se fera conform\u00e9ment aux dispositions de la r\u00e9glementation sur la protection des donn\u00e9es personnelles.&#13;\n<\/p>\n\n<p><strong>Droits de propri\u00e9t\u00e9 intellectuelle<\/strong><\/p>\n\n<p>Casa de la Memoria de Al-Andalus, S.L est titulaire de tous les droits d&rsquo;auteur, de propri\u00e9t\u00e9 intellectuelle et industrielle, du \u00ab savoir-faire \u00bb et de tout autre droit li\u00e9 au contenu du site www.casadelamemoria.es et aux services qui y sont propos\u00e9s, ainsi que ainsi que les programmes n\u00e9cessaires \u00e0 sa mise en \u0153uvre et les informations y aff\u00e9rentes.&#13;\n<\/p>\n\n<p>La reproduction, la publication et\/ou l&rsquo;utilisation non strictement priv\u00e9e du contenu, total ou partiel, du site www.casadelamemoria.es ne sont pas autoris\u00e9es sans autorisation \u00e9crite pr\u00e9alable.&#13;\n<\/p>\n\n<p><strong>Propri\u00e9t\u00e9 intellectuelle des logiciels<\/strong><\/p>\n\n<p>L&rsquo;utilisateur doit respecter les programmes tiers mis \u00e0 sa disposition par www.casadelamemoria.es, m\u00eame s&rsquo;ils sont gratuits et\/ou accessibles au public.&#13;\n<\/p>\n\n<p>www.casadelamemoria.es dispose des droits d&rsquo;exploitation et de propri\u00e9t\u00e9 intellectuelle n\u00e9cessaires sur le logiciel.&#13;\n<\/p>\n\n<p>L&rsquo;utilisateur n&rsquo;acquiert aucun droit ou licence sur le service contract\u00e9, sur le logiciel n\u00e9cessaire \u00e0 la fourniture du service, ni sur les informations techniques pour le suivi du service, \u00e0 l&rsquo;exception des droits et licences n\u00e9cessaires \u00e0 l&rsquo;ex\u00e9cution des services contract\u00e9s et seulement pendant leur dur\u00e9e.&#13;\n<\/p>\n\n<p>Pour toute action d\u00e9passant l&rsquo;ex\u00e9cution du contrat, l&rsquo;utilisateur aura besoin de l&rsquo;autorisation \u00e9crite de Casa de la Memoria de Al-Andalus, S.L, et il lui sera interdit d&rsquo;acc\u00e9der, de modifier, de visualiser la configuration, la structure et les fichiers des serveurs d\u00e9tenus. par Casa de la Memoria de Al-Andalus, S.L, assumant la responsabilit\u00e9 civile et p\u00e9nale d\u00e9coulant de tout incident pouvant survenir dans les serveurs et les syst\u00e8mes de s\u00e9curit\u00e9 en cons\u00e9quence directe d&rsquo;une action n\u00e9gligente ou malveillante de sa part.&#13;\n<\/p>\n\n<p><strong>Propri\u00e9t\u00e9 intellectuelle du contenu h\u00e9berg\u00e9<\/strong><\/p>\n\n<p>L&rsquo;utilisation contraire \u00e0 la l\u00e9gislation sur la propri\u00e9t\u00e9 intellectuelle des services fournis par Casa de la Memoria de Al-Andalus, S.L est interdite et, en particulier, de :&#13;\n<\/p>\n\n<p>Utilisation contraire aux lois espagnoles ou portant atteinte aux droits de tiers.&#13;\n<\/p>\n\n<p>La publication ou la transmission de tout contenu qui, de l&rsquo;avis de Casa de la Memoria de Al-Andalus, S.L, est violent, obsc\u00e8ne, abusif, ill\u00e9gal, racial, x\u00e9nophobe ou diffamatoire.&#13;\n<\/p>\n\n<p>Cracks, num\u00e9ros de s\u00e9rie de programmes ou tout autre contenu qui viole les droits de propri\u00e9t\u00e9 intellectuelle de tiers.&#13;\n<\/p>\n\n<p>La collecte et\/ou l&rsquo;utilisation de donn\u00e9es personnelles d&rsquo;autres utilisateurs sans leur consentement expr\u00e8s ou en violation des dispositions du r\u00e8glement (UE) 2016\/679 du Parlement europ\u00e9en et du Conseil, du 27 avril 2016, relatif \u00e0 la protection des personnes physiques concernant le traitement des donn\u00e9es \u00e0 caract\u00e8re personnel et leur libre circulation.&#13;\n<\/p>\n\n<p>L&rsquo;utilisation du serveur de messagerie et des adresses e-mail du domaine pour envoyer en masse du courrier ind\u00e9sirable.&#13;\n<\/p>\n\n<p>L&rsquo;utilisateur est pleinement responsable du contenu de son site Internet, des informations transmises et stock\u00e9es, des liens hypertextes, des r\u00e9clamations de tiers et des actions en justice en r\u00e9f\u00e9rence \u00e0 la propri\u00e9t\u00e9 intellectuelle, aux droits des tiers et \u00e0 la protection des mineurs.&#13;\n<\/p>\n\n<p>L&rsquo;utilisateur est responsable des lois et r\u00e9glementations en vigueur et des r\u00e8gles li\u00e9es au fonctionnement du service en ligne, au commerce \u00e9lectronique, au droit d&rsquo;auteur, au maintien de l&rsquo;ordre public, ainsi qu&rsquo;aux principes universels d&rsquo;utilisation d&rsquo;Internet.&#13;\n<\/p>\n\n<p>L&rsquo;utilisateur indemnisera Casa de la Memoria de Al-Andalus, S.L pour les d\u00e9penses g\u00e9n\u00e9r\u00e9es par l&rsquo;imputation de Casa de la Memoria de Al-Andalus, S.L pour toute cause dont la responsabilit\u00e9 \u00e9tait imputable \u00e0 l&rsquo;utilisateur, y compris les frais et d\u00e9penses de d\u00e9fense juridique. m\u00eame en cas de d\u00e9cision judiciaire non d\u00e9finitive.&#13;\n<\/p>\n\n<p><strong>Protection des informations h\u00e9berg\u00e9es<\/strong><\/p>\n\n<p>Casa de la Memoria de Al-Andalus, S.L effectue des copies de sauvegarde du contenu h\u00e9berg\u00e9 sur ses serveurs, mais elle n&rsquo;est pas responsable de la perte ou de la suppression accidentelle de donn\u00e9es par les utilisateurs. De m\u00eame, il ne garantit pas le remplacement total des donn\u00e9es supprim\u00e9es par les utilisateurs, puisque lesdites donn\u00e9es pourraient avoir \u00e9t\u00e9 supprim\u00e9es et\/ou modifi\u00e9es pendant la p\u00e9riode de temps \u00e9coul\u00e9e depuis la derni\u00e8re copie de sauvegarde.&#13;\n<\/p>\n\n<p>Les services offerts, \u00e0 l&rsquo;exception des services de sauvegarde sp\u00e9cifiques, n&rsquo;incluent pas le remplacement du contenu conserv\u00e9 dans les copies de sauvegarde r\u00e9alis\u00e9es par Casa de la Memoria de Al-Andalus, S.L, lorsque cette perte est imputable \u00e0 l&rsquo;utilisateur ; Dans ce cas, un tarif sera d\u00e9termin\u00e9 en fonction de la complexit\u00e9 et du volume de la r\u00e9cup\u00e9ration, toujours avec acceptation pr\u00e9alable de l&rsquo;utilisateur.&#13;\n<\/p>\n\n<p>Le remplacement des donn\u00e9es supprim\u00e9es n&rsquo;est inclus dans le prix du service que lorsque la perte du contenu est due \u00e0 des causes imputables \u00e0 Casa de la Memoria de Al-Andalus, S.L.&#13;\n<\/p>\n\n<p><strong>Communications commerciales<\/strong><\/p>\n\n<p>En application de la LSSI. Casa de la Memoria de Al-Andalus, S.L n&rsquo;enverra pas de communications publicitaires ou promotionnelles par courrier \u00e9lectronique ou par tout autre moyen de communication \u00e9lectronique \u00e9quivalent qui n&rsquo;aura pas \u00e9t\u00e9 pr\u00e9alablement demand\u00e9 ou express\u00e9ment autoris\u00e9 par les destinataires.&#13;\n<\/p>\n\n<p>Dans le cas d&rsquo;utilisateurs avec lesquels il existe une relation contractuelle pr\u00e9alable, Casa de la Memoria de Al-Andalus, S.L est autoris\u00e9e \u00e0 envoyer des communications commerciales concernant les produits ou services de Casa de la Memoria de Al-Andalus, S.L qui sont similaires \u00e0 ceux qui ont \u00e9t\u00e9 initialement contract\u00e9s avec le client.&#13;\n<\/p>\n\n<p>Dans tous les cas, l&rsquo;utilisateur, apr\u00e8s avoir justifi\u00e9 de son identit\u00e9, pourra demander qu&rsquo;aucune information commerciale ne lui soit transmise via les canaux du Service Client.<\/p>\n","protected":false},"excerpt":{"rendered":"<p>Protection des donn\u00e9es personnelles selon la LOPD Casa de la Memoria de Al-Andalus, S.L, en application de la r\u00e9glementation en vigueur sur la protection des donn\u00e9es personnelles, informe que les donn\u00e9es personnelles collect\u00e9es via les formulaires du site Web : www.casadelamemoria.es, sont incluses dans les fichiers automatis\u00e9s sp\u00e9cifiques \u00e0 les utilisateurs des services de Casa &#8230; <a title=\"Politique de confidentialit\u00e9\" class=\"read-more\" href=\"https:\/\/casadelamemoria.es\/fr\/politique-de-confidentialite\/\" aria-label=\"En savoir plus sur Politique de confidentialit\u00e9\">Lire la suite<\/a><\/p>\n","protected":false},"author":2,"featured_media":0,"parent":0,"menu_order":0,"comment_status":"closed","ping_status":"open","template":"","meta":{"_acf_changed":false,"om_disable_all_campaigns":false,"footnotes":""},"class_list":["post-21482","page","type-page","status-publish"],"acf":[],"aioseo_notices":[],"_links":{"self":[{"href":"https:\/\/casadelamemoria.es\/fr\/wp-json\/wp\/v2\/pages\/21482","targetHints":{"allow":["GET"]}}],"collection":[{"href":"https:\/\/casadelamemoria.es\/fr\/wp-json\/wp\/v2\/pages"}],"about":[{"href":"https:\/\/casadelamemoria.es\/fr\/wp-json\/wp\/v2\/types\/page"}],"author":[{"embeddable":true,"href":"https:\/\/casadelamemoria.es\/fr\/wp-json\/wp\/v2\/users\/2"}],"replies":[{"embeddable":true,"href":"https:\/\/casadelamemoria.es\/fr\/wp-json\/wp\/v2\/comments?post=21482"}],"version-history":[{"count":0,"href":"https:\/\/casadelamemoria.es\/fr\/wp-json\/wp\/v2\/pages\/21482\/revisions"}],"wp:attachment":[{"href":"https:\/\/casadelamemoria.es\/fr\/wp-json\/wp\/v2\/media?parent=21482"}],"curies":[{"name":"wp","href":"https:\/\/api.w.org\/{rel}","templated":true}]}}