{"id":17225,"date":"2021-09-16T20:42:53","date_gmt":"2021-09-16T18:42:53","guid":{"rendered":"https:\/\/www.casadelamemoria.es\/ticket\/blue-ray-disc\/"},"modified":"2024-06-11T09:33:12","modified_gmt":"2024-06-11T07:33:12","slug":"blu-ray-disc","status":"publish","type":"product","link":"https:\/\/casadelamemoria.es\/fr\/producto\/blu-ray-disc\/","title":{"rendered":"Blu-Ray Disc"},"content":{"rendered":"<p>En 2019, \u00e0 l&rsquo;occasion du 20e anniversaire du Centre Culturel Flamenco \u00ab\u00a0Casa de la Memoria\u00a0\u00bb, et co\u00efncidant avec le Premier Concours de Danse \u00ab\u00a0Memoria Flamenca\u00a0\u00bb, nous avons d\u00e9cid\u00e9 de r\u00e9aliser un magnifique enregistrement en haute qualit\u00e9 d&rsquo;image et de son, pour le plaisir de tous les fans nationaux et internationaux qui nous visitent chaque ann\u00e9e et veulent ramener \u00e0 la maison un souvenir de leur exp\u00e9rience dans notre Tablao Flamenco<\/p>\n<p>En vente exclusivement dans la Boutique du Centre Culturel Flamenco et sur notre site internet.<\/p>\n","protected":false},"excerpt":{"rendered":"<p>Cet enregistrement contient 17 pi\u00e8ces du meilleur art flamenco, avec toute l&rsquo;essence et la puret\u00e9 du flamenco le plus traditionnel, concentr\u00e9es en 2 heures et 29 minutes et enregistr\u00e9es dans tous les coins du centre culturel flamenco, un palais-maison original du XVe si\u00e8cle .<\/p>\n<p>De grands professionnels et artistes de prestige international ont particip\u00e9 \u00e0 cette initiative, offrant leur art merveilleux pour le plaisir de tous.<\/p>\n<p>Danses, cantes, solos de guitare et diff\u00e9rents styles de flamenco, font de ce disque Blu-Ray une exp\u00e9rience unique que vous voudrez revoir encore et encore.<\/p>\n","protected":false},"featured_media":17188,"template":"","meta":{"_acf_changed":false,"om_disable_all_campaigns":false},"product_brand":[],"product_cat":[178],"product_tag":[],"class_list":{"0":"post-17225","1":"product","2":"type-product","3":"status-publish","4":"has-post-thumbnail","6":"product_cat-blue-ray-fr","7":"sales-flash-overlay","8":"woocommerce-text-align-center","9":"woocommerce-image-align-center","10":"do-quantity-buttons","12":"first","13":"instock","14":"sold-individually","15":"shipping-taxable","16":"purchasable","17":"product-type-simple"},"acf":[],"aioseo_notices":[],"_links":{"self":[{"href":"https:\/\/casadelamemoria.es\/fr\/wp-json\/wp\/v2\/product\/17225","targetHints":{"allow":["GET"]}}],"collection":[{"href":"https:\/\/casadelamemoria.es\/fr\/wp-json\/wp\/v2\/product"}],"about":[{"href":"https:\/\/casadelamemoria.es\/fr\/wp-json\/wp\/v2\/types\/product"}],"wp:featuredmedia":[{"embeddable":true,"href":"https:\/\/casadelamemoria.es\/fr\/wp-json\/wp\/v2\/media\/17188"}],"wp:attachment":[{"href":"https:\/\/casadelamemoria.es\/fr\/wp-json\/wp\/v2\/media?parent=17225"}],"wp:term":[{"taxonomy":"product_brand","embeddable":true,"href":"https:\/\/casadelamemoria.es\/fr\/wp-json\/wp\/v2\/product_brand?post=17225"},{"taxonomy":"product_cat","embeddable":true,"href":"https:\/\/casadelamemoria.es\/fr\/wp-json\/wp\/v2\/product_cat?post=17225"},{"taxonomy":"product_tag","embeddable":true,"href":"https:\/\/casadelamemoria.es\/fr\/wp-json\/wp\/v2\/product_tag?post=17225"}],"curies":[{"name":"wp","href":"https:\/\/api.w.org\/{rel}","templated":true}]}}